{"id":9,"date":"2017-02-08T12:49:05","date_gmt":"2017-02-08T11:49:05","guid":{"rendered":"http:\/\/www.trevisohotel.be\/_new2017\/?page_id=9"},"modified":"2024-03-27T15:02:25","modified_gmt":"2024-03-27T14:02:25","slug":"lhotel","status":"publish","type":"page","link":"https:\/\/www.trevisohotel.be\/fr\/lhotel\/","title":{"rendered":"L&rsquo;h\u00f4tel"},"content":{"rendered":"\n<h2 class=\"wp-block-heading\">Le Treviso Hotel se refait une beaut\u00e9\u2026<\/h2>\n\n\n\n<p>L\u2019int\u00e9rieur a \u00e9t\u00e9 totalement repens\u00e9 et r\u00e9nov\u00e9 pour rendre \u00e0 cette b\u00e2tisse son \u00e2me, son charme et son caract\u00e8re d\u2019origine tout en visant un confort maximal.<\/p>\n\n\n\n<p>Apr\u00e8s r\u00e9novation compl\u00e8te, le Treviso H\u00f4tel retrouve son \u00e2me d\u2019origine telle une petite bulle feutr\u00e9e et cosy ancr\u00e9e dans les repli du temps comme la douceur de ses histoires clandestines.<\/p>\n\n\n\n<p>A la diff\u00e9rence des grandes chaines h\u00f4teli\u00e8res qui tentent aujourd\u2019hui de se lancer dans la location de chambres en journ\u00e9e, le Treviso Hotel se fait fort de sa discr\u00e9tion, de son atmosph\u00e8re douillette et cosy.<\/p>\n\n\n\n<p>En plus de boissons vari\u00e9es, le Treviso H\u00f4tel propose les produits de la marque YESforLOV. Des produits haut de gamme li\u00e9s au plaisir et au bien-\u00eatre ainsi que des objets ludiques permettant d\u2019\u00e9veiller ou de r\u00e9veiller la magie du plaisir et de la danse amoureuse.<\/p>\n\n\n\n<h2 class=\"wp-block-heading\">Un peu d&rsquo;histoire&#8230;<\/h2>\n\n\n\n<p>Encore trop souvent confondu avec ce que l\u2019on nommait jadis \u201chotel de passe, maison de passe ou encore chambre de passe, le concept \u00ab&nbsp;H\u00f4tel de jour ou Love h\u00f4tel&nbsp;\u00bb rev\u00eat cependant un caract\u00e8re tout \u00e0 fait diff\u00e9rent.<br>Un peu d\u2019histoire\u2026<br>De leur cr\u00e9ation \u00e0 leur fermeture dans les ann\u00e9es 40, les h\u00f4tels de passe ont fait couler beaucoup d&rsquo;encre. Maisons de passe ou maisons du plaisir, dissimul\u00e9es derri\u00e8re des fa\u00e7ades discr\u00e8tes pour se d\u00e9rober au monde dans une ambiance envo\u00fbtante, ces endroits \u00e9taient des lieux symboles.<\/p>\n\n\n\n<p>Le concept \u00ab\u00a0H\u00f4tel de jour ou Love h\u00f4tel\u00a0\u00bb ne correspond en rien \u00e0 ces endroits mythiques d\u2019antan.<br>De nombreux couples visitent les Love h\u00f4tels chaque jour pour explorer un fantasme, vivre un moment de sensualit\u00e9 comme une aventure unique et in\u00e9dite d\u2019\u00e9rotisme. On se parle, on partage, on vibre..<\/p>\n","protected":false},"excerpt":{"rendered":"<p>Le Treviso Hotel se refait une beaut\u00e9\u2026 L\u2019int\u00e9rieur a \u00e9t\u00e9 totalement repens\u00e9 et r\u00e9nov\u00e9 pour rendre \u00e0 cette b\u00e2tisse son \u00e2me, son charme et son caract\u00e8re d\u2019origine tout en visant un confort maximal. Apr\u00e8s r\u00e9novation compl\u00e8te, le Treviso H\u00f4tel retrouve son \u00e2me d\u2019origine telle une petite bulle feutr\u00e9e et cosy ancr\u00e9e dans les repli du [&hellip;]<\/p>\n","protected":false},"author":1,"featured_media":0,"parent":0,"menu_order":0,"comment_status":"closed","ping_status":"closed","template":"","meta":{"_acf_changed":false,"footnotes":""},"class_list":["post-9","page","type-page","status-publish","hentry"],"acf":[],"_links":{"self":[{"href":"https:\/\/www.trevisohotel.be\/fr\/wp-json\/wp\/v2\/pages\/9","targetHints":{"allow":["GET"]}}],"collection":[{"href":"https:\/\/www.trevisohotel.be\/fr\/wp-json\/wp\/v2\/pages"}],"about":[{"href":"https:\/\/www.trevisohotel.be\/fr\/wp-json\/wp\/v2\/types\/page"}],"author":[{"embeddable":true,"href":"https:\/\/www.trevisohotel.be\/fr\/wp-json\/wp\/v2\/users\/1"}],"replies":[{"embeddable":true,"href":"https:\/\/www.trevisohotel.be\/fr\/wp-json\/wp\/v2\/comments?post=9"}],"version-history":[{"count":29,"href":"https:\/\/www.trevisohotel.be\/fr\/wp-json\/wp\/v2\/pages\/9\/revisions"}],"predecessor-version":[{"id":1570,"href":"https:\/\/www.trevisohotel.be\/fr\/wp-json\/wp\/v2\/pages\/9\/revisions\/1570"}],"wp:attachment":[{"href":"https:\/\/www.trevisohotel.be\/fr\/wp-json\/wp\/v2\/media?parent=9"}],"curies":[{"name":"wp","href":"https:\/\/api.w.org\/{rel}","templated":true}]}}