{"id":7,"date":"2017-02-08T12:48:34","date_gmt":"2017-02-08T11:48:34","guid":{"rendered":"http:\/\/www.trevisohotel.be\/_new2017\/?page_id=7"},"modified":"2017-04-19T12:10:22","modified_gmt":"2017-04-19T10:10:22","slug":"philosophie-nouvelle","status":"publish","type":"page","link":"https:\/\/www.trevisohotel.be\/fr\/philosophie-nouvelle\/","title":{"rendered":"Notre philosophie"},"content":{"rendered":"<h2>Le sexe est-il vraiment meilleur \u00e0 l\u2019h\u00f4tel\u00a0?&#8230;<\/h2>\n<p>Oui ! Parce que la nouveaut\u00e9 de l\u2019espace enflamme souvent la nouveaut\u00e9 dans le comportement\u2026 un moment de d\u00e9tente \u00e0 l\u2019h\u00f4tel donne vie \u00e0 un formidable imaginaire fantasmatique.<\/p>\n<h2>Nourrir son \u00e9nergie vitale, chouchouter sa sexualit\u00e9\u2026<\/h2>\n<p>Le Treviso H\u00f4tel c\u2019est un temps de pause sans les enfants, l\u2019occasion d\u2019une sieste friponne ou une fa\u00e7on originale de surprendre son ou sa partenaire.<\/p>\n<p>La sexualit\u00e9, l\u2019\u00e9rotisme et le plaisir ne se vivent d\u00e9sormais plus comme un tabou. S\u2019offrir quelques heures \u00e0 l\u2019h\u00f4tel constitue aujourd\u2019hui et plus que jamais une mani\u00e8re ludique de consacrer \u00e0 la sexualit\u00e9 la qualit\u00e9, le temps et l&rsquo;attention qu\u2019elle m\u00e9rite.<br \/>\nUn moment et un endroit unique qui vous conduiront \u00e0 d\u00e9couvrir ou re-d\u00e9couvrir une sexualit\u00e9\u00a0 joyeuse, libre, sensuelle et cr\u00e9ative.<\/p>\n<p>&nbsp;<\/p>\n","protected":false},"excerpt":{"rendered":"<p>Le sexe est-il vraiment meilleur \u00e0 l\u2019h\u00f4tel\u00a0?&#8230; Oui ! Parce que la nouveaut\u00e9 de l\u2019espace enflamme souvent la nouveaut\u00e9 dans le comportement\u2026 un moment de d\u00e9tente \u00e0 l\u2019h\u00f4tel donne vie \u00e0 un formidable imaginaire fantasmatique. Nourrir son \u00e9nergie vitale, chouchouter sa sexualit\u00e9\u2026 Le Treviso H\u00f4tel c\u2019est un temps de pause sans les enfants, l\u2019occasion d\u2019une [&hellip;]<\/p>\n","protected":false},"author":1,"featured_media":0,"parent":0,"menu_order":0,"comment_status":"closed","ping_status":"closed","template":"","meta":{"_acf_changed":false,"footnotes":""},"class_list":["post-7","page","type-page","status-publish","hentry"],"acf":[],"_links":{"self":[{"href":"https:\/\/www.trevisohotel.be\/fr\/wp-json\/wp\/v2\/pages\/7","targetHints":{"allow":["GET"]}}],"collection":[{"href":"https:\/\/www.trevisohotel.be\/fr\/wp-json\/wp\/v2\/pages"}],"about":[{"href":"https:\/\/www.trevisohotel.be\/fr\/wp-json\/wp\/v2\/types\/page"}],"author":[{"embeddable":true,"href":"https:\/\/www.trevisohotel.be\/fr\/wp-json\/wp\/v2\/users\/1"}],"replies":[{"embeddable":true,"href":"https:\/\/www.trevisohotel.be\/fr\/wp-json\/wp\/v2\/comments?post=7"}],"version-history":[{"count":18,"href":"https:\/\/www.trevisohotel.be\/fr\/wp-json\/wp\/v2\/pages\/7\/revisions"}],"predecessor-version":[{"id":310,"href":"https:\/\/www.trevisohotel.be\/fr\/wp-json\/wp\/v2\/pages\/7\/revisions\/310"}],"wp:attachment":[{"href":"https:\/\/www.trevisohotel.be\/fr\/wp-json\/wp\/v2\/media?parent=7"}],"curies":[{"name":"wp","href":"https:\/\/api.w.org\/{rel}","templated":true}]}}