{"id":5,"date":"2017-02-08T12:47:49","date_gmt":"2017-02-08T11:47:49","guid":{"rendered":"http:\/\/www.trevisohotel.be\/_new2017\/?page_id=5"},"modified":"2023-04-04T11:25:26","modified_gmt":"2023-04-04T09:25:26","slug":"accueil","status":"publish","type":"page","link":"https:\/\/www.trevisohotel.be\/fr\/","title":{"rendered":"Accueil"},"content":{"rendered":"<div class=\"su-row\">\n<div class=\"su-column su-column-size-1-2\"><div class=\"su-column-inner su-u-clearfix su-u-trim\">\n<blockquote><p>C\u2019est derri\u00e8re la fa\u00e7ade d\u2019une belle maison bourgeoise du quartier Louise, un des endroits les plus chics et les plus populaires de Bruxelles, que se niche le Treviso Hotel. Depuis plus de 40 ans, il est un lieu charg\u00e9 d\u2019histoire dont les murs ont \u00e9t\u00e9 les t\u00e9moins anonymes des r\u00e9cits les plus passionn\u00e9s et les plus \u00e9vocateurs des nombreux couples qui y ont trouv\u00e9 refuge.<\/p><\/blockquote>\n<\/div><\/div>\n<div class=\"su-column su-column-size-1-2\"><div class=\"su-column-inner su-u-clearfix su-u-trim\">\n<p>Plus qu\u2019un simple lieu de rencontre, le Treviso Hotel est bien plus qu&rsquo;un h\u00f4tel de jour, il est un espace de vie pour se poser, un concept qui permet de rompre avec la routine et ses contraintes.<\/p>\n<p>Le Treviso Hotel est un lieu privil\u00e9gi\u00e9 pour s\u2019offrir une occasion ludique d\u2019agr\u00e9menter ou pimenter sa vie intime, un endroit cosy et raffin\u00e9 o\u00f9 l\u2019on se retrouve pour une heure ou pour quelques heures, en journ\u00e9e comme en soir\u00e9e.<\/p>\n<p><a class=\"button\" href=\"http:\/\/www.trevisohotel.be\/les-chambres\/\">D\u00e9couvrez nos chambres<\/a><br \/>\n<\/div><\/div>\n<\/div>\n","protected":false},"excerpt":{"rendered":"","protected":false},"author":1,"featured_media":0,"parent":0,"menu_order":0,"comment_status":"closed","ping_status":"closed","template":"","meta":{"_acf_changed":false,"footnotes":""},"class_list":["post-5","page","type-page","status-publish","hentry"],"acf":[],"_links":{"self":[{"href":"https:\/\/www.trevisohotel.be\/fr\/wp-json\/wp\/v2\/pages\/5","targetHints":{"allow":["GET"]}}],"collection":[{"href":"https:\/\/www.trevisohotel.be\/fr\/wp-json\/wp\/v2\/pages"}],"about":[{"href":"https:\/\/www.trevisohotel.be\/fr\/wp-json\/wp\/v2\/types\/page"}],"author":[{"embeddable":true,"href":"https:\/\/www.trevisohotel.be\/fr\/wp-json\/wp\/v2\/users\/1"}],"replies":[{"embeddable":true,"href":"https:\/\/www.trevisohotel.be\/fr\/wp-json\/wp\/v2\/comments?post=5"}],"version-history":[{"count":20,"href":"https:\/\/www.trevisohotel.be\/fr\/wp-json\/wp\/v2\/pages\/5\/revisions"}],"predecessor-version":[{"id":1505,"href":"https:\/\/www.trevisohotel.be\/fr\/wp-json\/wp\/v2\/pages\/5\/revisions\/1505"}],"wp:attachment":[{"href":"https:\/\/www.trevisohotel.be\/fr\/wp-json\/wp\/v2\/media?parent=5"}],"curies":[{"name":"wp","href":"https:\/\/api.w.org\/{rel}","templated":true}]}}