{"id":16,"date":"2017-02-08T12:50:12","date_gmt":"2017-02-08T11:50:12","guid":{"rendered":"http:\/\/www.trevisohotel.be\/_new2017\/?page_id=16"},"modified":"2023-04-04T11:33:35","modified_gmt":"2023-04-04T09:33:35","slug":"contact","status":"publish","type":"page","link":"https:\/\/www.trevisohotel.be\/fr\/contact\/","title":{"rendered":"Contact"},"content":{"rendered":"<p><strong><span style=\"color: #ff0000;\">Veuillez noter que les r\u00e9servations par mail ne sont plus possible et se font uniquement par t\u00e9l\u00e9phone (pas de sms ou de WhatsApp).<br \/>\n<\/span><\/strong><\/p>\n<div class=\"su-row\">\n<div class=\"su-column su-column-size-1-3\"><div class=\"su-column-inner su-u-clearfix su-u-trim\">\n<h2>TREVISO HOTEL<\/h2>\n<p>32, rue de la Longue Haie<br \/>\n1050 Bruxelles (Quartier Louise)<strong><br \/>\n+32 (0) 492 20 48 06<\/strong><br \/>\n<\/div><\/div>\n<div class=\"su-column su-column-size-2-3\"><div class=\"su-column-inner su-u-clearfix su-u-trim\">\n<p><iframe loading=\"lazy\" style=\"border: 0;\" src=\"https:\/\/www.google.com\/maps\/embed?pb=!1m18!1m12!1m3!1d2520.0071878000062!2d4.359260615745216!3d50.831030779529684!2m3!1f0!2f0!3f0!3m2!1i1024!2i768!4f13.1!3m3!1m2!1s0x47c3c48bf1f53863%3A0xc6cb75d36d51619c!2sRue+de+la+Longue+Haie+32%2C+1050+Bruxelles!5e0!3m2!1sen!2sbe!4v1488381228071\" width=\"100%\" height=\"220\" frameborder=\"0\" allowfullscreen=\"allowfullscreen\"><\/iframe><br \/>\n<\/div><\/div>\n<\/div>\n","protected":false},"excerpt":{"rendered":"<p>Veuillez noter que les r\u00e9servations par mail ne sont plus possible et se font uniquement par t\u00e9l\u00e9phone (pas de sms ou de WhatsApp).<\/p>\n","protected":false},"author":1,"featured_media":0,"parent":0,"menu_order":0,"comment_status":"closed","ping_status":"closed","template":"","meta":{"_acf_changed":false,"footnotes":""},"class_list":["post-16","page","type-page","status-publish","hentry"],"acf":[],"_links":{"self":[{"href":"https:\/\/www.trevisohotel.be\/fr\/wp-json\/wp\/v2\/pages\/16","targetHints":{"allow":["GET"]}}],"collection":[{"href":"https:\/\/www.trevisohotel.be\/fr\/wp-json\/wp\/v2\/pages"}],"about":[{"href":"https:\/\/www.trevisohotel.be\/fr\/wp-json\/wp\/v2\/types\/page"}],"author":[{"embeddable":true,"href":"https:\/\/www.trevisohotel.be\/fr\/wp-json\/wp\/v2\/users\/1"}],"replies":[{"embeddable":true,"href":"https:\/\/www.trevisohotel.be\/fr\/wp-json\/wp\/v2\/comments?post=16"}],"version-history":[{"count":35,"href":"https:\/\/www.trevisohotel.be\/fr\/wp-json\/wp\/v2\/pages\/16\/revisions"}],"predecessor-version":[{"id":1511,"href":"https:\/\/www.trevisohotel.be\/fr\/wp-json\/wp\/v2\/pages\/16\/revisions\/1511"}],"wp:attachment":[{"href":"https:\/\/www.trevisohotel.be\/fr\/wp-json\/wp\/v2\/media?parent=16"}],"curies":[{"name":"wp","href":"https:\/\/api.w.org\/{rel}","templated":true}]}}