{"id":13,"date":"2017-02-08T12:49:39","date_gmt":"2017-02-08T11:49:39","guid":{"rendered":"http:\/\/www.trevisohotel.be\/_new2017\/?page_id=13"},"modified":"2023-04-04T11:32:39","modified_gmt":"2023-04-04T09:32:39","slug":"concept","status":"publish","type":"page","link":"https:\/\/www.trevisohotel.be\/fr\/concept\/","title":{"rendered":"Concept"},"content":{"rendered":"<h2>Discr\u00e9tion, rapidit\u00e9, simplicit\u00e9<\/h2>\n<p>Le Treviso H\u00f4tel b\u00e9n\u00e9ficie d&rsquo;une conciergerie, la personne pr\u00e9sente vous accueille d\u00e8s votre arriv\u00e9e et a pour mission principale de veiller au bon d\u00e9roulement de votre s\u00e9jour.<\/p>\n<p>Les chambres sont propos\u00e9es par p\u00e9riode de 2 heures, 3 heures ou 4 heures (chambres Privil\u00e8ge),\u00a0 3 heures (chambre Jacuzzi et Fetish boudoir).<br \/>\nIl vous est loisible d&rsquo;occuper les lieux pour une dur\u00e9e sup\u00e9rieure si vous le d\u00e9sirez (20\u20ac \/ heure suppl\u00e9mentaire).<\/p>\n<p>Les adeptes du libertinage sont les bienvenus, un compl\u00e9ment de 20\u20ac par personne suppl\u00e9mentaire est \u00e0 pr\u00e9voir.<\/p>\n<p>Le r\u00e8glement de la location se fait en esp\u00e8ces uniquement ou via l&rsquo;application Payconiq.<\/p>\n<p>Si vous optez pour une visite \u00e0 l&rsquo;improviste et sans r\u00e9servation, nous vous accueillons avec plaisir. Toutefois, il est pr\u00e9f\u00e9rable de r\u00e9server votre chambre afin de vous assurer de sa disponibilit\u00e9.<\/p>\n<p>Nous sommes un \u00e9tablissement gay friendly.<\/p>\n<p><strong>Les r\u00e9servation se font via notre num\u00e9ro de portable au \u00a0+32 492 204 806.<br \/>\n<\/strong><\/p>\n<h2>Plaisirs \u00e0 volont\u00e9<\/h2>\n<p>Le Treviso H\u00f4tel propose une s\u00e9lection de boissons diverses comme les sodas, Champagne et vins.<\/p>\n<p>Des produits de para pharmacie, tels que pr\u00e9servatifs et autres produits r\u00e9serv\u00e9s \u00e0 l\u2019intimit\u00e9, y sont \u00e9galement disponibles.<\/p>\n<p>Pour les plus curieux et les plus fripons, nous vous proposons \u00e9galement des produits de qualit\u00e9 li\u00e9s au plaisir et au bien-\u00eatre ainsi que des objets ludiques, permettant d\u2019\u00e9veiller ou de r\u00e9veiller la magie du plaisir et de la danse amoureuse.<\/p>\n","protected":false},"excerpt":{"rendered":"<p>Discr\u00e9tion, rapidit\u00e9, simplicit\u00e9 Le Treviso H\u00f4tel b\u00e9n\u00e9ficie d&rsquo;une conciergerie, la personne pr\u00e9sente vous accueille d\u00e8s votre arriv\u00e9e et a pour mission principale de veiller au bon d\u00e9roulement de votre s\u00e9jour. Les chambres sont propos\u00e9es par p\u00e9riode de 2 heures, 3 heures ou 4 heures (chambres Privil\u00e8ge),\u00a0 3 heures (chambre Jacuzzi et Fetish boudoir). Il vous [&hellip;]<\/p>\n","protected":false},"author":1,"featured_media":0,"parent":0,"menu_order":0,"comment_status":"closed","ping_status":"closed","template":"","meta":{"_acf_changed":false,"footnotes":""},"class_list":["post-13","page","type-page","status-publish","hentry"],"acf":[],"_links":{"self":[{"href":"https:\/\/www.trevisohotel.be\/fr\/wp-json\/wp\/v2\/pages\/13","targetHints":{"allow":["GET"]}}],"collection":[{"href":"https:\/\/www.trevisohotel.be\/fr\/wp-json\/wp\/v2\/pages"}],"about":[{"href":"https:\/\/www.trevisohotel.be\/fr\/wp-json\/wp\/v2\/types\/page"}],"author":[{"embeddable":true,"href":"https:\/\/www.trevisohotel.be\/fr\/wp-json\/wp\/v2\/users\/1"}],"replies":[{"embeddable":true,"href":"https:\/\/www.trevisohotel.be\/fr\/wp-json\/wp\/v2\/comments?post=13"}],"version-history":[{"count":31,"href":"https:\/\/www.trevisohotel.be\/fr\/wp-json\/wp\/v2\/pages\/13\/revisions"}],"predecessor-version":[{"id":1510,"href":"https:\/\/www.trevisohotel.be\/fr\/wp-json\/wp\/v2\/pages\/13\/revisions\/1510"}],"wp:attachment":[{"href":"https:\/\/www.trevisohotel.be\/fr\/wp-json\/wp\/v2\/media?parent=13"}],"curies":[{"name":"wp","href":"https:\/\/api.w.org\/{rel}","templated":true}]}}