{"id":128,"date":"2017-03-01T16:11:55","date_gmt":"2017-03-01T15:11:55","guid":{"rendered":"http:\/\/www.trevisohotel.be\/_new2017\/?page_id=128"},"modified":"2026-04-30T13:12:44","modified_gmt":"2026-04-30T11:12:44","slug":"horaire-et-tarifs","status":"publish","type":"page","link":"https:\/\/www.trevisohotel.be\/fr\/horaire-et-tarifs\/","title":{"rendered":"Horaires et tarifs"},"content":{"rendered":"<div class=\"su-row\">\n<div class=\"su-column su-column-size-1-2\"><div class=\"su-column-inner su-u-clearfix su-u-trim\">\n<p>Le Treviso H\u00f4tel vous accueille tous les jours du lundi au samedi.<\/p>\n<p><strong>Du lundi au vendredi :\u00a0 de 10h \u00e0 00h. \u00a0Le samedi: de 12H \u00e0 20h.<\/strong><\/p>\n<p><span style=\"color: #ff0000;\">Attention: nous avons le plaisir de vous annoncer qu&rsquo;\u00e0 partir du 1er janvier 2024, notre h\u00f4tel ouvrira ses portes du lundi au samedi de 10h \u00e0 23h.<\/span><\/p>\n<p>Durant le mois de f\u00e9vrier, comme chaque ann\u00e9e, nous ouvrons nos portes \u00e9galement le dimanche de 10h \u00e0 00h. N&rsquo;h\u00e9sitez pas \u00e0 r\u00e9server votre chambre pour une Saint Valentin romantique.<\/p>\n<p>(<em>Quelle que soit l&rsquo;heure d&rsquo;arriv\u00e9e, le Treviso ferme ses portes \u00e0 22h en semaine et 20h le samedi<\/em>)<\/p>\n<p>Si vous d\u00e9sirez d\u00e9j\u00e0 r\u00e9gler votre chambre pour vous assurer le booking, veuillez noter notre num\u00e9ro de compte bancaire sur lequel nous vous invitons \u00e0 faire le paiement de votre r\u00e9servation.<\/p>\n<p><strong>Fortis Banque BE65 0019 4532 5296 ( Communication, le num\u00e9ro de votre r\u00e9servation)<\/strong><\/p>\n<p><strong>N&rsquo;oubliez pas nos forfaits location chambre 3heures \/ cava 75cl \u00a0120\u20ac<\/strong><\/p>\n<p><strong>ou le forfait chambre 3heures \/ Champagne ( Mo\u00ebt et Chandon)75cl 160\u20ac<\/strong><\/p>\n<p>Les chambres Privil\u00e8ges sont occup\u00e9es\u00a0 pour une dur\u00e9e au choix, de <strong>2, 3 ou 4 heures.<\/strong><\/p>\n<p>La chambres Jacuzzi et la Fetish Boudoir \u00a0pour une dur\u00e9e de <strong>3 heures<\/strong><strong>.<\/strong><\/p>\n<p>Si vous d\u00e9sirez prolonger votre moment, un suppl\u00e9ment de<strong> 20\u20ac<\/strong> \/ heure est \u00e0 pr\u00e9voir pour\u00a0 chacune des chambres ( Privil\u00e8ge, Jacuzzi et Fetish Boudoir).<\/p>\n<p>Les chambres sont lou\u00e9es pour 2 personnes, \u00a0un montant de<strong> 20\u20ac<\/strong> sera demand\u00e9 par personne suppl\u00e9mentaire.<\/p>\n<p><strong>Le Treviso H\u00f4tel propose trois types de chambres :<br \/>\n<\/strong><br \/>\nLes chambres Privil\u00e8ges : \u00a085\u20ac \/2 heures &#8211; 95\u20ac \/ 3 heures &#8211; 100\u20ac \/ 4 heures<br \/>\nLa chambre Jacuzzi : 105\u20ac \/ 3 heures<br \/>\nLa chambre Boudoir : 110\u20ac\/ 3 heures<\/p>\n<p><strong>Treviso et sa formule Chambre<\/strong><\/p>\n<p>Forfait 3 heures chambre Privil\u00e8ge et bouteille de champagne\u00a0Mo\u00ebt et Chandon 75cl:\u00a0<strong>160\u20ac<\/strong><\/p>\n<p>Forfait 3 heures chambre Privil\u00e8ge et bouteille de Cava Hol\u00e0 75cl:\u00a0<strong>120\u20ac<\/strong><\/p>\n<p><strong>Nous vous proposons une carte de boissons que vous pouvez trouver en chambre. Sodas, boissons chaudes,\u00a0spiritueux, vins et\u00a0alcools vous sont propos\u00e9s. Nous sommes \u00e0 votre disposition pour vous servir en chambre.<\/strong><\/p>\n<\/div><\/div>\n<div class=\"su-column su-column-size-1-2\"><div class=\"su-column-inner su-u-clearfix su-u-trim\">\n<h2>TREVISO HOTEL<\/h2>\n<p>32, rue de la Longue Haie<br \/>\n1050 Bruxelles (Quartier Louise)<br \/>\n<strong><span class=\"_Xbe _ZWk kno-fv\"><a class=\"fl r-iwN0lUhdVgd8\" title=\"Appeler avec Hangouts\" data-number=\"+3225110015\" data-pstn-out-call-url=\"\" data-rtid=\"iwN0lUhdVgd8\" data-ved=\"0ahUKEwj7hZT49KDSAhVCL8AKHanSCs0QkAgIlQEoADAU\">+32 (0) 492 20 48 06<\/a><\/span><\/strong><\/p>\n<p><iframe loading=\"lazy\" style=\"border: 0;\" src=\"https:\/\/www.google.com\/maps\/embed?pb=!1m18!1m12!1m3!1d2520.0071878000062!2d4.359260615745216!3d50.831030779529684!2m3!1f0!2f0!3f0!3m2!1i1024!2i768!4f13.1!3m3!1m2!1s0x47c3c48bf1f53863%3A0xc6cb75d36d51619c!2sRue+de+la+Longue+Haie+32%2C+1050+Bruxelles!5e0!3m2!1sen!2sbe!4v1488381228071\" width=\"100%\" height=\"390\" frameborder=\"0\" allowfullscreen=\"allowfullscreen\"><\/iframe><br \/>\n<\/div><\/div>\n<\/div>\n<h1>Parking<\/h1>\n<div class=\"treviso-divider\"><\/div>\n<p>Pour votre confort, deux parkings se trouvent \u00e0 quelques m\u00e8tres :<br \/>\n<div class=\"su-row\">\n<div class=\"su-column su-column-size-1-2\"><div class=\"su-column-inner su-u-clearfix su-u-trim\">\n<p><strong>Parking Concorde<\/strong> (150m), rue de la Concorde, 1050 Bruxelles<\/p>\n<p><iframe loading=\"lazy\" style=\"border: 0;\" src=\"https:\/\/www.google.com\/maps\/embed?pb=!1m18!1m12!1m3!1d2519.895734474334!2d4.358641715745293!3d50.833095179529906!2m3!1f0!2f0!3f0!3m2!1i1024!2i768!4f13.1!3m3!1m2!1s0x47c3c4896bc93119%3A0x10fdef53edd261be!2sRue+de+la+Concorde!5e0!3m2!1sen!2sbe!4v1488444459086\" width=\"100%\" height=\"300\" frameborder=\"0\" allowfullscreen=\"allowfullscreen\"><\/iframe><br \/>\n<\/div><\/div>\n<div class=\"su-column su-column-size-1-2\"><div class=\"su-column-inner su-u-clearfix su-u-trim\">\n<p><strong>Parking Stefanie-Louise<\/strong> (300m), avenue Louise, 83a, 1050 Bruxelles<\/p>\n<p><iframe loading=\"lazy\" style=\"border: 0;\" src=\"https:\/\/www.google.com\/maps\/embed?pb=!1m18!1m12!1m3!1d2519.947093894849!2d4.356363515854448!3d50.83214387952982!2m3!1f0!2f0!3f0!3m2!1i1024!2i768!4f13.1!3m3!1m2!1s0x47c3c489892b880b%3A0x8cd323fcf353b888!2sAvenue+Louise+83%2C+1050+Bruxelles!5e0!3m2!1sen!2sbe!4v1488444484765\" width=\"100%\" height=\"300\" frameborder=\"0\" allowfullscreen=\"allowfullscreen\"><\/iframe><br \/>\n<\/div><\/div>\n<\/div>\n","protected":false},"excerpt":{"rendered":"<p>Parking Pour votre confort, deux parkings se trouvent \u00e0 quelques m\u00e8tres :<\/p>\n","protected":false},"author":1,"featured_media":0,"parent":0,"menu_order":0,"comment_status":"closed","ping_status":"closed","template":"","meta":{"_acf_changed":false,"footnotes":""},"class_list":["post-128","page","type-page","status-publish","hentry"],"acf":[],"_links":{"self":[{"href":"https:\/\/www.trevisohotel.be\/fr\/wp-json\/wp\/v2\/pages\/128","targetHints":{"allow":["GET"]}}],"collection":[{"href":"https:\/\/www.trevisohotel.be\/fr\/wp-json\/wp\/v2\/pages"}],"about":[{"href":"https:\/\/www.trevisohotel.be\/fr\/wp-json\/wp\/v2\/types\/page"}],"author":[{"embeddable":true,"href":"https:\/\/www.trevisohotel.be\/fr\/wp-json\/wp\/v2\/users\/1"}],"replies":[{"embeddable":true,"href":"https:\/\/www.trevisohotel.be\/fr\/wp-json\/wp\/v2\/comments?post=128"}],"version-history":[{"count":117,"href":"https:\/\/www.trevisohotel.be\/fr\/wp-json\/wp\/v2\/pages\/128\/revisions"}],"predecessor-version":[{"id":1615,"href":"https:\/\/www.trevisohotel.be\/fr\/wp-json\/wp\/v2\/pages\/128\/revisions\/1615"}],"wp:attachment":[{"href":"https:\/\/www.trevisohotel.be\/fr\/wp-json\/wp\/v2\/media?parent=128"}],"curies":[{"name":"wp","href":"https:\/\/api.w.org\/{rel}","templated":true}]}}