{"id":11,"date":"2017-02-08T12:49:21","date_gmt":"2017-02-08T11:49:21","guid":{"rendered":"http:\/\/www.trevisohotel.be\/_new2017\/?page_id=11"},"modified":"2026-04-30T13:15:42","modified_gmt":"2026-04-30T11:15:42","slug":"les-chambres","status":"publish","type":"page","link":"https:\/\/www.trevisohotel.be\/fr\/les-chambres\/","title":{"rendered":"Les chambres"},"content":{"rendered":"\n<h3 class=\"wp-block-heading\">Charme, douceur et s\u00e9r\u00e9nit\u00e9\u2026<\/h3>\n\n\n\n<p>Cette ancienne maison bourgeoise offre un confort raffin\u00e9 en osmose avec l\u2019atmosph\u00e8re particuli\u00e8re de cette demeure et le charme qui s\u2019en d\u00e9gage.<\/p>\n\n\n\n<p>Le Treviso H\u00f4tel propose un concept de chambres meubl\u00e9es et d\u00e9cor\u00e9es avec \u00e9l\u00e9gance dans une ambiance chic et feutr\u00e9e. Chaque chambre est un cocon \u00e0 l\u2019abri des regards, vous \u00eates ailleurs et vous vous sentez chez vous.<\/p>\n\n\n\n<p>Chacune des chambres offre une ambiance personnalis\u00e9e et d\u00e9cline une d\u00e9coration sobre et \u00e9l\u00e9gante o\u00f9 chaque d\u00e9tail a \u00e9t\u00e9 con\u00e7u pour vous apporter tout le confort souhait\u00e9. Toutes disposent d\u2019une salle de bains et d\u2019une toilette privative.<\/p>\n\n\n\n<p>L\u2019hygi\u00e8ne, la qualit\u00e9 de la literie, la qualit\u00e9 des produits de soin ainsi que la discr\u00e9tion sont des crit\u00e8res auxquels nous r\u00e9servons une attention extr\u00eame.<\/p>\n\n\n\n<hr class=\"wp-block-separator has-text-color has-alpha-channel-opacity has-background is-style-default\" style=\"background-color:#a78659;color:#a78659\"\/>\n\n\n\n<div style=\"height:30px\" aria-hidden=\"true\" class=\"wp-block-spacer\"><\/div>\n\n\n<div class=\"wp-block-image\">\n<figure class=\"alignleft is-resized\"><img decoding=\"async\" src=\"https:\/\/www.trevisohotel.be\/wp-content\/uploads\/Page-dacceuil-chambre-Privil%C3%A8ge.jpg\" alt=\"\" class=\"wp-image-162\" style=\"width:400px\"\/><\/figure>\n<\/div>\n\n\n<h3 class=\"wp-block-heading\">Chambres Privil\u00e8ge<\/h3>\n\n\n\n<p>Spacieuses, les chambres Privil\u00e8ge disposent d&rsquo;un luxueux lit boxspring de taille \u00ab king \u00bb disposant de prot\u00e8ge matelas hypoallerg\u00e9nique pour plus de confort et le souci du d\u00e9tail&nbsp; feront de votre temps de pause&nbsp; une promesse d\u2019\u00e9motion et de bien-\u00eatre. chambre climatis\u00e9e.<\/p>\n\n\n\n<p><b><strong>85\u20ac \/2 heures &#8211; 95\u20ac \/3 heures &#8211; 100\u20ac \/ 4 heures<\/strong>\u00a0<\/b><\/p>\n\n\n\n<p><a class=\"button\" href=\"https:\/\/www.trevisohotel.be\/les-chambres\/chambres-privilege\/\">voir les 6 chambres en d\u00e9tail<\/a><\/p>\n\n\n\n<h3 class=\"wp-block-heading has-small-font-size\"><span style=\"color: #800000;\">Chambres climatis\u00e9es<\/span><\/h3>\n\n\n\n<hr class=\"wp-block-separator has-text-color has-alpha-channel-opacity has-background\" style=\"background-color:#a78659;color:#a78659\"\/>\n\n\n\n<div style=\"height:30px\" aria-hidden=\"true\" class=\"wp-block-spacer\"><\/div>\n\n\n<div class=\"wp-block-image\">\n<figure class=\"alignleft is-resized\"><img loading=\"lazy\" decoding=\"async\" width=\"300\" height=\"200\" src=\"https:\/\/www.trevisohotel.be\/wp-content\/uploads\/Contact-300x200.jpg\" alt=\"\" class=\"wp-image-232\" style=\"width:400px\" srcset=\"https:\/\/www.trevisohotel.be\/wp-content\/uploads\/Contact-300x200.jpg 300w, https:\/\/www.trevisohotel.be\/wp-content\/uploads\/Contact-768x513.jpg 768w, https:\/\/www.trevisohotel.be\/wp-content\/uploads\/Contact-1024x684.jpg 1024w, https:\/\/www.trevisohotel.be\/wp-content\/uploads\/Contact.jpg 1498w\" sizes=\"auto, (max-width: 300px) 100vw, 300px\" \/><\/figure>\n<\/div>\n\n\n<h3 class=\"wp-block-heading\">Chambre Jacuzzi<\/h3>\n\n\n\n<p>Cette chambre propose un Jacuzzi pour 2 personnes et s\u2019accommode d&rsquo;un luxueux lit boxspring disposant de prot\u00e8ge matelas hypoallerg\u00e9nique pour plus de confort. Chambre climatis\u00e9e.<\/p>\n\n\n\n<p><strong>105\u20ac le forfait de 3Heures<\/strong><\/p>\n\n\n\n<p><a class=\"button\" href=\"https:\/\/www.trevisohotel.be\/les-chambres\/chambres-jacuzzi\/\">Voir la chambre en d\u00e9tail<\/a><\/p>\n\n\n\n<h3 class=\"wp-block-heading has-small-font-size\"><span style=\"color: #800000;\">Chambre climatis\u00e9e<\/span><\/h3>\n\n\n\n<hr class=\"wp-block-separator has-text-color has-alpha-channel-opacity has-background is-style-default\" style=\"background-color:#a78659;color:#a78659\"\/>\n\n\n\n<div style=\"height:30px\" aria-hidden=\"true\" class=\"wp-block-spacer\"><\/div>\n\n\n<div class=\"wp-block-image\">\n<figure class=\"alignleft is-resized\"><img loading=\"lazy\" decoding=\"async\" width=\"300\" height=\"193\" src=\"https:\/\/www.trevisohotel.be\/wp-content\/uploads\/P1010201-1-300x193.jpg\" alt=\"\" class=\"wp-image-505\" style=\"width:400px\" srcset=\"https:\/\/www.trevisohotel.be\/wp-content\/uploads\/P1010201-1-300x193.jpg 300w, https:\/\/www.trevisohotel.be\/wp-content\/uploads\/P1010201-1-768x495.jpg 768w, https:\/\/www.trevisohotel.be\/wp-content\/uploads\/P1010201-1-1024x660.jpg 1024w\" sizes=\"auto, (max-width: 300px) 100vw, 300px\" \/><\/figure>\n<\/div>\n\n\n<h3 class=\"wp-block-heading\">Chambre &nbsp;Boudoir<\/h3>\n\n\n\n<p>La chambre des sensations. Pour les adeptes de nouvelles exp\u00e9riences, la Boudoir vous propose une ambiance diff\u00e9rente.Une chambre \u00e9quip\u00e9e d&rsquo;un mobilier haut de gamme qui ravira l&rsquo;envie du moment&#8230;<br>Par mesure d&rsquo;hygi\u00e8ne nous ne mettons pas de mat\u00e9riel intime sp\u00e9cifique \u00e0 disposition.<\/p>\n\n\n\n<p><strong>110\u20ac le forfait de 3Heures<\/strong><\/p>\n\n\n\n<p class=\"has-text-align-left\"><a class=\"button\" href=\"https:\/\/www.trevisohotel.be\/les-chambres\/chambre-fetish-boudoir\">VOIR LA CHAMBRE EN DETAIL<\/a><\/p>\n\n\n\n<h3 class=\"wp-block-heading has-small-font-size\"><span style=\"color: #993300;\"><strong>Chambre climatis\u00e9e<\/strong><\/span><\/h3>\n\n\n\n<hr class=\"wp-block-separator has-text-color has-alpha-channel-opacity has-background is-style-default\" style=\"background-color:#a78659;color:#a78659\"\/>\n\n\n\n<h4 class=\"wp-block-heading\">&nbsp;<\/h4>\n\n\n\n<h4 class=\"wp-block-heading\">&nbsp;<\/h4>\n\n\n\n<h4 class=\"wp-block-heading\"><strong>&nbsp;<\/strong><\/h4>\n","protected":false},"excerpt":{"rendered":"<p>Charme, douceur et s\u00e9r\u00e9nit\u00e9\u2026 Cette ancienne maison bourgeoise offre un confort raffin\u00e9 en osmose avec l\u2019atmosph\u00e8re particuli\u00e8re de cette demeure et le charme qui s\u2019en d\u00e9gage. Le Treviso H\u00f4tel propose un concept de chambres meubl\u00e9es et d\u00e9cor\u00e9es avec \u00e9l\u00e9gance dans une ambiance chic et feutr\u00e9e. Chaque chambre est un cocon \u00e0 l\u2019abri des regards, vous [&hellip;]<\/p>\n","protected":false},"author":1,"featured_media":0,"parent":0,"menu_order":0,"comment_status":"closed","ping_status":"closed","template":"","meta":{"_acf_changed":false,"footnotes":""},"class_list":["post-11","page","type-page","status-publish","hentry"],"acf":[],"_links":{"self":[{"href":"https:\/\/www.trevisohotel.be\/fr\/wp-json\/wp\/v2\/pages\/11","targetHints":{"allow":["GET"]}}],"collection":[{"href":"https:\/\/www.trevisohotel.be\/fr\/wp-json\/wp\/v2\/pages"}],"about":[{"href":"https:\/\/www.trevisohotel.be\/fr\/wp-json\/wp\/v2\/types\/page"}],"author":[{"embeddable":true,"href":"https:\/\/www.trevisohotel.be\/fr\/wp-json\/wp\/v2\/users\/1"}],"replies":[{"embeddable":true,"href":"https:\/\/www.trevisohotel.be\/fr\/wp-json\/wp\/v2\/comments?post=11"}],"version-history":[{"count":176,"href":"https:\/\/www.trevisohotel.be\/fr\/wp-json\/wp\/v2\/pages\/11\/revisions"}],"predecessor-version":[{"id":1617,"href":"https:\/\/www.trevisohotel.be\/fr\/wp-json\/wp\/v2\/pages\/11\/revisions\/1617"}],"wp:attachment":[{"href":"https:\/\/www.trevisohotel.be\/fr\/wp-json\/wp\/v2\/media?parent=11"}],"curies":[{"name":"wp","href":"https:\/\/api.w.org\/{rel}","templated":true}]}}